{"id":657,"date":"2024-09-08T21:52:41","date_gmt":"2024-09-08T21:52:41","guid":{"rendered":"https:\/\/biomimesiscaribe.org\/?post_type=product&#038;p=657"},"modified":"2024-10-05T15:44:55","modified_gmt":"2024-10-05T15:44:55","slug":"maestros-de-la-naturaleza","status":"publish","type":"product","link":"https:\/\/biomimesiscaribe.org\/?product=maestros-de-la-naturaleza","title":{"rendered":"Maestros de la Naturaleza"},"content":{"rendered":"<p>Cada una de las especies que encontramos en la naturaleza es una fuente extraordinaria de sabidur\u00eda e inspiraci\u00f3n. Durante millones de a\u00f1os, estas especies han desarrollado estrategias y mecanismos para enfrentar los retos de su entorno y adaptarse a las condiciones cambiantes de la vida en este planeta.<\/p>\n<p>En estas tarjetas encontrar\u00e1s a los <strong>Maestros de la Naturaleza<\/strong>, especies de distintos ecosistemas que te permitir\u00e1n conocer la biodiversidad que nos rodea, aprendiendo sobre <strong>qu\u00e9 hacen<\/strong> y <strong>c\u00f3mo lo hacen<\/strong> para resolver los desaf\u00edos de sus contextos. A trav\u00e9s de sus lecciones, te invitamos a usar tu creatividad para imaginar y proponer soluciones a los retos de tu propio entorno.<\/p>\n<p>Al practicar la biom\u00edmesis, inspir\u00e1ndonos en millones de a\u00f1os de ensayo y error, es posible crear soluciones que aporten de manera positiva tanto a nuestras vidas como al resto de la vida en la Tierra.<\/p>\n","protected":false},"excerpt":{"rendered":"<p>Cada una de las especies que encontramos en la naturaleza es una fuente extraordinaria de sabidur\u00eda e inspiraci\u00f3n. Durante millones de a\u00f1os, estas especies han desarrollado estrategias y mecanismos para enfrentar los retos de su entorno y adaptarse a las condiciones cambiantes de la vida en este planeta. En estas tarjetas encontrar\u00e1s a los Maestros [&hellip;]<\/p>\n","protected":false},"featured_media":1083,"template":"","meta":[],"product_cat":[15],"product_tag":[],"_links":{"self":[{"href":"https:\/\/biomimesiscaribe.org\/index.php?rest_route=\/wp\/v2\/product\/657"}],"collection":[{"href":"https:\/\/biomimesiscaribe.org\/index.php?rest_route=\/wp\/v2\/product"}],"about":[{"href":"https:\/\/biomimesiscaribe.org\/index.php?rest_route=\/wp\/v2\/types\/product"}],"wp:featuredmedia":[{"embeddable":true,"href":"https:\/\/biomimesiscaribe.org\/index.php?rest_route=\/wp\/v2\/media\/1083"}],"wp:attachment":[{"href":"https:\/\/biomimesiscaribe.org\/index.php?rest_route=%2Fwp%2Fv2%2Fmedia&parent=657"}],"wp:term":[{"taxonomy":"product_cat","embeddable":true,"href":"https:\/\/biomimesiscaribe.org\/index.php?rest_route=%2Fwp%2Fv2%2Fproduct_cat&post=657"},{"taxonomy":"product_tag","embeddable":true,"href":"https:\/\/biomimesiscaribe.org\/index.php?rest_route=%2Fwp%2Fv2%2Fproduct_tag&post=657"}],"curies":[{"name":"wp","href":"https:\/\/api.w.org\/{rel}","templated":true}]}}