{"id":656,"date":"2024-09-08T21:49:06","date_gmt":"2024-09-08T21:49:06","guid":{"rendered":"https:\/\/biomimesiscaribe.org\/?post_type=product&#038;p=656"},"modified":"2024-10-05T15:44:37","modified_gmt":"2024-10-05T15:44:37","slug":"parejas-biomimica","status":"publish","type":"product","link":"https:\/\/biomimesiscaribe.org\/?product=parejas-biomimica","title":{"rendered":"Parejas Biom\u00edmicas"},"content":{"rendered":"<p>Las cartas <strong>Parejas Biom\u00edmicas<\/strong> est\u00e1n basadas en el juego cl\u00e1sico <strong>Ve a Pescar!<\/strong> (<em>Go Fish<\/em>), redise\u00f1ado con un toque innovador inspirado en la naturaleza. Con la posibilidad de jugarlo de distintas maneras, los jugadores se sumergen en la biom\u00edmesis mientras intentan hacer coincidir las cartas de <strong>retos<\/strong> con las cartas de <strong>biolog\u00eda<\/strong>, creando un par perfecto para ayudar a generar soluciones creativas con la ayuda del genio de la naturaleza.<\/p>\n","protected":false},"excerpt":{"rendered":"<p>Las cartas Parejas Biom\u00edmicas est\u00e1n basadas en el juego cl\u00e1sico Ve a Pescar! (Go Fish), redise\u00f1ado con un toque innovador inspirado en la naturaleza. Con la posibilidad de jugarlo de distintas maneras, los jugadores se sumergen en la biom\u00edmesis mientras intentan hacer coincidir las cartas de retos con las cartas de biolog\u00eda, creando un par [&hellip;]<\/p>\n","protected":false},"featured_media":1084,"template":"","meta":[],"product_cat":[15],"product_tag":[],"_links":{"self":[{"href":"https:\/\/biomimesiscaribe.org\/index.php?rest_route=\/wp\/v2\/product\/656"}],"collection":[{"href":"https:\/\/biomimesiscaribe.org\/index.php?rest_route=\/wp\/v2\/product"}],"about":[{"href":"https:\/\/biomimesiscaribe.org\/index.php?rest_route=\/wp\/v2\/types\/product"}],"wp:featuredmedia":[{"embeddable":true,"href":"https:\/\/biomimesiscaribe.org\/index.php?rest_route=\/wp\/v2\/media\/1084"}],"wp:attachment":[{"href":"https:\/\/biomimesiscaribe.org\/index.php?rest_route=%2Fwp%2Fv2%2Fmedia&parent=656"}],"wp:term":[{"taxonomy":"product_cat","embeddable":true,"href":"https:\/\/biomimesiscaribe.org\/index.php?rest_route=%2Fwp%2Fv2%2Fproduct_cat&post=656"},{"taxonomy":"product_tag","embeddable":true,"href":"https:\/\/biomimesiscaribe.org\/index.php?rest_route=%2Fwp%2Fv2%2Fproduct_tag&post=656"}],"curies":[{"name":"wp","href":"https:\/\/api.w.org\/{rel}","templated":true}]}}