{"id":142,"date":"2022-11-04T23:11:17","date_gmt":"2022-11-04T23:11:17","guid":{"rendered":"https:\/\/biomimesiscaribe.org\/?post_type=product&#038;p=142"},"modified":"2024-09-07T15:59:19","modified_gmt":"2024-09-07T15:59:19","slug":"manual-de-la-biomimesis","status":"publish","type":"product","link":"https:\/\/biomimesiscaribe.org\/?product=manual-de-la-biomimesis","title":{"rendered":"Manual de la Biom\u00edmesis"},"content":{"rendered":"<p>De convertirte en aprendiz de la Naturaleza, para aprender y emular los dise\u00f1os de la vida y resolver dignamente nuestros retos. En todo el mundo, biom\u00edmicos como usted est\u00e1n consultando la genialidad de la vida para crear<br \/>\nnuevos productos, procesos y pol\u00edticas\u2014nuevas formas vivir\u2014que se adapten bien a la vida de la Tierra, a largo plazo. Est\u00e1n aprendiendo a cultivar alimentos al estilo de una pradera, a adherirse como un geco, a capturar carbono como un molusco, a crear colores como un pavo real y a dirigir una empresa como si fuera un bosque de secuoyas. En calidad de aprendices, ellos, usted, todos nosotros estamos dando a luz lo que ser\u00e1 el mayor legado de la biom\u00edmesis: un intenso y profundo respeto por el mundo natural.<\/p>\n","protected":false},"excerpt":{"rendered":"<p><strong>El Manual de la Biom\u00edmesis<\/strong>, un banco de semillas de buenas pr\u00e1cticas, contiene m\u00e1s de 250 p\u00e1ginas de reflexiones, metodolog\u00eda y herramientas para integrar la pr\u00e1ctica de la biom\u00edmesis en proyectos, el trabajo y la cultura. Dividido en seis partes, este libro nos muestra a la naturaleza como la mejor socia de dise\u00f1o, y nos proporciona una nueva perspectiva de c\u00f3mo el mundo que nos rodea puede funcionar. Despu\u00e9s de leerlo, estar\u00e1s encaminado a pensar sist\u00e9micamente, dise\u00f1ar en contexto, identificar patrones y ver los millones de organismos que nos rodean de manera diferente. El manual est\u00e1 dirigido a dise\u00f1adores, bi\u00f3logos, ingenieros, emprendedores e intraemprendedores, estudiantes y educadores, entre otras disciplinas.<\/p>\n","protected":false},"featured_media":143,"template":"","meta":[],"product_cat":[15],"product_tag":[],"_links":{"self":[{"href":"https:\/\/biomimesiscaribe.org\/index.php?rest_route=\/wp\/v2\/product\/142"}],"collection":[{"href":"https:\/\/biomimesiscaribe.org\/index.php?rest_route=\/wp\/v2\/product"}],"about":[{"href":"https:\/\/biomimesiscaribe.org\/index.php?rest_route=\/wp\/v2\/types\/product"}],"wp:featuredmedia":[{"embeddable":true,"href":"https:\/\/biomimesiscaribe.org\/index.php?rest_route=\/wp\/v2\/media\/143"}],"wp:attachment":[{"href":"https:\/\/biomimesiscaribe.org\/index.php?rest_route=%2Fwp%2Fv2%2Fmedia&parent=142"}],"wp:term":[{"taxonomy":"product_cat","embeddable":true,"href":"https:\/\/biomimesiscaribe.org\/index.php?rest_route=%2Fwp%2Fv2%2Fproduct_cat&post=142"},{"taxonomy":"product_tag","embeddable":true,"href":"https:\/\/biomimesiscaribe.org\/index.php?rest_route=%2Fwp%2Fv2%2Fproduct_tag&post=142"}],"curies":[{"name":"wp","href":"https:\/\/api.w.org\/{rel}","templated":true}]}}